{"id":41359,"date":"2020-02-25T12:24:46","date_gmt":"2020-02-25T12:24:46","guid":{"rendered":"https:\/\/www.invebelgie.be\/?page_id=41359"},"modified":"2021-04-01T07:39:18","modified_gmt":"2021-04-01T07:39:18","slug":"home","status":"publish","type":"page","link":"https:\/\/www.invebelgie.be\/fr\/","title":{"rendered":"Home"},"content":{"rendered":"[vc_row row_type=&#8221;row&#8221; use_row_as_full_screen_section=&#8221;no&#8221; type=&#8221;grid&#8221; oblique_section=&#8221;no&#8221; text_align=&#8221;left&#8221; css_animation=&#8221;&#8221; box_shadow_on_row=&#8221;no&#8221;][vc_column][vc_empty_space image_repeat=&#8221;no-repeat&#8221;][vc_column_text]\n<p style=\"text-align: center;\"><strong>INVE BELGIUM NV<\/strong>, bas\u00e9e \u00e0 Baasrode, a \u00e9t\u00e9 l&#8217;une des premi\u00e8res filiales du groupe INVE, fond\u00e9 au milieu des ann\u00e9es 1980.<\/p>\n<p style=\"text-align: center;\">Depuis f\u00e9vrier 2009, INVE Belgique a toutefois r\u00e9ussi \u00e0 se maintenir \u00e0 flot gr\u00e2ce \u00e0 un rachat par les cadres.<\/p>\n[\/vc_column_text][vc_empty_space height=&#8221;10px&#8221; image_repeat=&#8221;no-repeat&#8221;][vc_column_text]\n<p style=\"text-align: center;\">INVE BELGIUM propose entre autres des (pr\u00e9)starters pour porcelets, des concentr\u00e9s, des pr\u00e9m\u00e9langes, des additifs et un certain nombre d&#8217;ingr\u00e9dients nutritionnels.<\/p>\n<p style=\"text-align: center;\">Tous ces produits se caract\u00e9risent comme <strong>des sp\u00e9cialit\u00e9s de haute qualit\u00e9 nutritionnelle<\/strong> adapt\u00e9es aux besoins sp\u00e9cifiques du client.<\/p>\n[\/vc_column_text][vc_empty_space height=&#8221;50px&#8221; image_repeat=&#8221;no-repeat&#8221;][vc_column_text]\n<h2 style=\"text-align: center;\">A l\u2019honneur<\/h2>\n[\/vc_column_text][\/vc_column][\/vc_row][vc_row row_type=&#8221;row&#8221; use_row_as_full_screen_section=&#8221;no&#8221; type=&#8221;grid&#8221; oblique_section=&#8221;no&#8221; text_align=&#8221;left&#8221; css_animation=&#8221;&#8221; box_shadow_on_row=&#8221;no&#8221;][vc_column][vc_empty_space height=&#8221;40px&#8221; image_repeat=&#8221;no-repeat&#8221;][\/vc_column][\/vc_row][vc_row row_type=&#8221;row&#8221; use_row_as_full_screen_section=&#8221;no&#8221; type=&#8221;full_width&#8221; oblique_section=&#8221;no&#8221; text_align=&#8221;left&#8221; css_animation=&#8221;&#8221; box_shadow_on_row=&#8221;no&#8221;][vc_column][layerslider_vc id=&#8221;2&#8243;][vc_empty_space height=&#8221;50px&#8221; image_repeat=&#8221;no-repeat&#8221;][\/vc_column][\/vc_row]\n","protected":false},"excerpt":{"rendered":"<p>[vc_row row_type=&#8221;row&#8221; use_row_as_full_screen_section=&#8221;no&#8221; type=&#8221;grid&#8221; oblique_section=&#8221;no&#8221; text_align=&#8221;left&#8221; css_animation=&#8221;&#8221; box_shadow_on_row=&#8221;no&#8221;][vc_column][vc_empty_space image_repeat=&#8221;no-repeat&#8221;][vc_column_text] INVE BELGIUM NV, bas\u00e9e \u00e0 Baasrode, a \u00e9t\u00e9 l&#8217;une des premi\u00e8res filiales du groupe INVE, fond\u00e9 au milieu des ann\u00e9es 1980. Depuis f\u00e9vrier 2009, INVE Belgique a toutefois r\u00e9ussi \u00e0 se maintenir \u00e0 flot gr\u00e2ce \u00e0 un rachat par les cadres. [\/vc_column_text][vc_empty_space height=&#8221;10px&#8221; image_repeat=&#8221;no-repeat&#8221;][vc_column_text] INVE BELGIUM propose entre autres des (pr\u00e9)starters pour porcelets, des concentr\u00e9s, des&#8230;<\/p>\n","protected":false},"author":3,"featured_media":0,"parent":0,"menu_order":0,"comment_status":"open","ping_status":"closed","template":"full_width.php","meta":[],"acf":[],"_links":{"self":[{"href":"https:\/\/www.invebelgie.be\/fr\/wp-json\/wp\/v2\/pages\/41359"}],"collection":[{"href":"https:\/\/www.invebelgie.be\/fr\/wp-json\/wp\/v2\/pages"}],"about":[{"href":"https:\/\/www.invebelgie.be\/fr\/wp-json\/wp\/v2\/types\/page"}],"author":[{"embeddable":true,"href":"https:\/\/www.invebelgie.be\/fr\/wp-json\/wp\/v2\/users\/3"}],"replies":[{"embeddable":true,"href":"https:\/\/www.invebelgie.be\/fr\/wp-json\/wp\/v2\/comments?post=41359"}],"version-history":[{"count":7,"href":"https:\/\/www.invebelgie.be\/fr\/wp-json\/wp\/v2\/pages\/41359\/revisions"}],"predecessor-version":[{"id":42396,"href":"https:\/\/www.invebelgie.be\/fr\/wp-json\/wp\/v2\/pages\/41359\/revisions\/42396"}],"wp:attachment":[{"href":"https:\/\/www.invebelgie.be\/fr\/wp-json\/wp\/v2\/media?parent=41359"}],"curies":[{"name":"wp","href":"https:\/\/api.w.org\/{rel}","templated":true}]}}