{"id":41381,"date":"2020-02-25T12:51:33","date_gmt":"2020-02-25T12:51:33","guid":{"rendered":"https:\/\/www.invebelgie.be\/?page_id=41381"},"modified":"2021-02-14T14:26:04","modified_gmt":"2021-02-14T14:26:04","slug":"qui-sommes-nous","status":"publish","type":"page","link":"https:\/\/www.invebelgie.be\/fr\/qui-sommes-nous\/","title":{"rendered":"Qui nous sommes?"},"content":{"rendered":"[vc_row row_type=&#8221;row&#8221; use_row_as_full_screen_section=&#8221;no&#8221; type=&#8221;grid&#8221; oblique_section=&#8221;no&#8221; text_align=&#8221;left&#8221; css_animation=&#8221;&#8221; box_shadow_on_row=&#8221;no&#8221;][vc_column][vc_separator type=&#8221;transparent&#8221; up=&#8221;35&#8243; down=&#8221;0&#8243;][\/vc_column][\/vc_row][vc_row row_type=&#8221;row&#8221; use_row_as_full_screen_section=&#8221;no&#8221; type=&#8221;grid&#8221; oblique_section=&#8221;no&#8221; text_align=&#8221;left&#8221; css_animation=&#8221;&#8221; box_shadow_on_row=&#8221;no&#8221;][vc_column width=&#8221;2\/3&#8243;][vc_column_text]\n<h3><strong>QUI NOUS SOMMES?<\/strong><\/h3>\n[\/vc_column_text][vc_separator type=&#8221;transparent&#8221; up=&#8221;10&#8243; down=&#8221;0&#8243;][vc_empty_space image_repeat=&#8221;no-repeat&#8221;][vc_column_text]INVE BELGIQUE NV, est situ\u00e9 \u00e0 Baasrode, et \u00e9tait une succursale de INVE group, fond\u00e9 au milieu des ann\u00e9es 80.<br \/>\nDepuis f\u00e9vrier 2009, INVE Belgique est rest\u00e9 autonome gr\u00e2ce \u00e0 un rachat de l\u2019entreprise par les cadres dirigeants.<br \/>\nINVE BELGIQUE se concentre exclusivement sur le secteur de l&#8217;alimentation animale.<br \/>\nUne des sp\u00e9cialit\u00e9s de INVE BELGIQUE est l\u2019alimentation pr\u00e9coce des porcelets et des poussins d\u2019un jour, les concentr\u00e9s, les pr\u00e9 m\u00e9langes, d\u2019additifs ainsi qu\u2019un certain nombre d&#8217;ingr\u00e9dients nutritionnels.<br \/>\nTous ces produits se caract\u00e9risent comme des sp\u00e9cialit\u00e9s nutritionnellement de haute qualit\u00e9 adapt\u00e9es aux besoins sp\u00e9cifiques du client.[\/vc_column_text][\/vc_column][vc_column width=&#8221;1\/3&#8243;][vc_single_image image=&#8221;40905&#8243; img_size=&#8221;full&#8221; alignment=&#8221;center&#8221; qode_css_animation=&#8221;&#8221;][\/vc_column][\/vc_row][vc_row row_type=&#8221;row&#8221; use_row_as_full_screen_section=&#8221;no&#8221; type=&#8221;grid&#8221; oblique_section=&#8221;no&#8221; text_align=&#8221;center&#8221; padding_top=&#8221;30&#8243; padding_bottom=&#8221;15&#8243; css_animation=&#8221;&#8221; box_shadow_on_row=&#8221;no&#8221; triangle_shape=&#8221;no&#8221; triangle_shape_position=&#8221;both&#8221;][vc_column][vc_row_inner row_type=&#8221;row&#8221; type=&#8221;full_width&#8221; use_row_as_full_screen_section_slide=&#8221;no&#8221; text_align=&#8221;left&#8221; padding_top=&#8221;40&#8243; css_animation=&#8221;&#8221; box_shadow_on_row=&#8221;no&#8221;][vc_column_inner width=&#8221;1\/2&#8243;][vc_column_text]\n<h3>La recherche et le d\u00e9veloppement<\/h3>\n[\/vc_column_text][vc_separator type=&#8221;transparent&#8221; up=&#8221;10&#8243; down=&#8221;0&#8243;][vc_column_text]INVE BELGIQUE dispose de sa propre \u00e9quipe R&amp;D pour la recherche et le d\u00e9veloppement. En outre, INVE BELGIQUE coop\u00e8re \u00e9troitement avec divers instituts de recherche et universit\u00e9s pour le d\u00e9veloppement de nouveaux produits et concepts. INVE BELGIQUE dispose \u00e9galement de plusieurs soci\u00e9t\u00e9s pilotes o\u00f9 de nouveaux d\u00e9veloppements peuvent \u00eatre test\u00e9s dans des conditions pratiques. De cette mani\u00e8re, INVE BELGIQUE peut toujours conseiller le client sur les derniers d\u00e9veloppements dans le secteur de l&#8217;alimentation animale. Vous trouverez plus d&#8217;informations sur les tests r\u00e9alis\u00e9s par INVE BELGIQUE sur la page de l&#8217;exp\u00e9rimentation animale.[\/vc_column_text][vc_separator type=&#8221;transparent&#8221; up=&#8221;76&#8243; down=&#8221;0&#8243;][\/vc_column_inner][vc_column_inner width=&#8221;1\/2&#8243;][vc_column_text]\n<h3>Service<\/h3>\n[\/vc_column_text][vc_separator type=&#8221;transparent&#8221; up=&#8221;10&#8243; down=&#8221;0&#8243;][vc_column_text]INVE BELGIQUE ne se limite pas uniquement \u00e0 la fourniture de ces produits, mais propose \u00e9galement au client un service complet: du conseil nutritionnel, du soutien v\u00e9t\u00e9rinaire, des analyses des mati\u00e8res premi\u00e8res et des aliments. Nous pouvons \u00e9galement vous aiguiller sur les r\u00e9glementations environnementales. INVE BELGIQUE dispose d&#8217;une \u00e9quipe enthousiaste d&#8217;ing\u00e9nieurs et de v\u00e9t\u00e9rinaires avec beaucoup de connaissances et d&#8217;exp\u00e9rience.[\/vc_column_text][\/vc_column_inner][\/vc_row_inner][\/vc_column][\/vc_row]\n","protected":false},"excerpt":{"rendered":"<p>[vc_row row_type=&#8221;row&#8221; use_row_as_full_screen_section=&#8221;no&#8221; type=&#8221;grid&#8221; oblique_section=&#8221;no&#8221; text_align=&#8221;left&#8221; css_animation=&#8221;&#8221; box_shadow_on_row=&#8221;no&#8221;][vc_column][vc_separator type=&#8221;transparent&#8221; up=&#8221;35&#8243; down=&#8221;0&#8243;][\/vc_column][\/vc_row][vc_row row_type=&#8221;row&#8221; use_row_as_full_screen_section=&#8221;no&#8221; type=&#8221;grid&#8221; oblique_section=&#8221;no&#8221; text_align=&#8221;left&#8221; css_animation=&#8221;&#8221; box_shadow_on_row=&#8221;no&#8221;][vc_column width=&#8221;2\/3&#8243;][vc_column_text] QUI NOUS SOMMES? [\/vc_column_text][vc_separator type=&#8221;transparent&#8221; up=&#8221;10&#8243; down=&#8221;0&#8243;][vc_empty_space image_repeat=&#8221;no-repeat&#8221;][vc_column_text]INVE BELGIQUE NV, est situ\u00e9 \u00e0 Baasrode, et \u00e9tait une succursale de INVE group, fond\u00e9 au milieu des ann\u00e9es 80. Depuis f\u00e9vrier 2009, INVE Belgique est rest\u00e9 autonome gr\u00e2ce \u00e0 un rachat de l\u2019entreprise par les cadres dirigeants. INVE&#8230;<\/p>\n","protected":false},"author":3,"featured_media":0,"parent":0,"menu_order":0,"comment_status":"open","ping_status":"open","template":"full_width.php","meta":[],"acf":[],"_links":{"self":[{"href":"https:\/\/www.invebelgie.be\/fr\/wp-json\/wp\/v2\/pages\/41381"}],"collection":[{"href":"https:\/\/www.invebelgie.be\/fr\/wp-json\/wp\/v2\/pages"}],"about":[{"href":"https:\/\/www.invebelgie.be\/fr\/wp-json\/wp\/v2\/types\/page"}],"author":[{"embeddable":true,"href":"https:\/\/www.invebelgie.be\/fr\/wp-json\/wp\/v2\/users\/3"}],"replies":[{"embeddable":true,"href":"https:\/\/www.invebelgie.be\/fr\/wp-json\/wp\/v2\/comments?post=41381"}],"version-history":[{"count":6,"href":"https:\/\/www.invebelgie.be\/fr\/wp-json\/wp\/v2\/pages\/41381\/revisions"}],"predecessor-version":[{"id":42147,"href":"https:\/\/www.invebelgie.be\/fr\/wp-json\/wp\/v2\/pages\/41381\/revisions\/42147"}],"wp:attachment":[{"href":"https:\/\/www.invebelgie.be\/fr\/wp-json\/wp\/v2\/media?parent=41381"}],"curies":[{"name":"wp","href":"https:\/\/api.w.org\/{rel}","templated":true}]}}