{"id":42149,"date":"2021-02-14T14:43:21","date_gmt":"2021-02-14T14:43:21","guid":{"rendered":"https:\/\/www.invebelgie.be\/?post_type=product&#038;p=42149"},"modified":"2021-02-15T09:38:02","modified_gmt":"2021-02-15T09:38:02","slug":"hydraheat","status":"publish","type":"product","link":"https:\/\/www.invebelgie.be\/fr\/produit\/hydraheat\/","title":{"rendered":"HydraHeat"},"content":{"rendered":"","protected":false},"excerpt":{"rendered":"<p>Aliment compl\u00e9mentaire hydrosoluble contenant de la b\u00e9taine anhydre, des \u00e9lectrolytes, des antioxydants ainsi que des vitamines.\u00a0 Ce complexe peut \u00eatre utilis\u00e9 dans toutes les esp\u00e8ces comme le porc ou la volaille afin de lutter contre le stress thermique.<\/p>\n","protected":false},"featured_media":41533,"template":"","meta":[],"product_cat":[143],"product_tag":[],"acf":[],"_links":{"self":[{"href":"https:\/\/www.invebelgie.be\/fr\/wp-json\/wp\/v2\/product\/42149"}],"collection":[{"href":"https:\/\/www.invebelgie.be\/fr\/wp-json\/wp\/v2\/product"}],"about":[{"href":"https:\/\/www.invebelgie.be\/fr\/wp-json\/wp\/v2\/types\/product"}],"wp:featuredmedia":[{"embeddable":true,"href":"https:\/\/www.invebelgie.be\/fr\/wp-json\/wp\/v2\/media\/41533"}],"wp:attachment":[{"href":"https:\/\/www.invebelgie.be\/fr\/wp-json\/wp\/v2\/media?parent=42149"}],"wp:term":[{"taxonomy":"product_cat","embeddable":true,"href":"https:\/\/www.invebelgie.be\/fr\/wp-json\/wp\/v2\/product_cat?post=42149"},{"taxonomy":"product_tag","embeddable":true,"href":"https:\/\/www.invebelgie.be\/fr\/wp-json\/wp\/v2\/product_tag?post=42149"}],"curies":[{"name":"wp","href":"https:\/\/api.w.org\/{rel}","templated":true}]}}