{"id":42154,"date":"2021-02-14T15:02:49","date_gmt":"2021-02-14T15:02:49","guid":{"rendered":"https:\/\/www.invebelgie.be\/?post_type=product&#038;p=42154"},"modified":"2021-02-15T09:51:30","modified_gmt":"2021-02-15T09:51:30","slug":"inve-anticel","status":"publish","type":"product","link":"https:\/\/www.invebelgie.be\/fr\/produit\/inve-anticel\/","title":{"rendered":"Inve Anticel"},"content":{"rendered":"[vc_row row_type=&#8221;row&#8221; use_row_as_full_screen_section=&#8221;no&#8221; type=&#8221;full_width&#8221; oblique_section=&#8221;no&#8221; text_align=&#8221;left&#8221; css_animation=&#8221;&#8221; box_shadow_on_row=&#8221;no&#8221;][vc_column][\/vc_column][\/vc_row]\n","protected":false},"excerpt":{"rendered":"<h4>Aliment compl\u00e9mentaire qui lutte contre les cellules du lait chez les ruminants. Anticel est compos\u00e9 des principaux ingr\u00e9dients :<\/h4>\n<ul>\n<li><strong>S\u00e9l\u00e9nium organique:\u00a0<\/strong>forme bien absorbable de s\u00e9l\u00e9nium avec une activit\u00e9 biologique \u00e9lev\u00e9e. Le s\u00e9l\u00e9nium est un antioxydant puissant et joue un r\u00f4le dans l&#8217;immunit\u00e9.<\/li>\n<li><strong>Ch\u00e9late de zinc<\/strong>, source de zinc bien absorbable avec un effet positif sur les cellules \u00e9pith\u00e9liales, comme les cellules \u00e0 l&#8217;int\u00e9rieur des trayons, ce qui augmente la r\u00e9sistance aux microorganismes. Le zinc joue \u00e9galement un r\u00f4le important dans la production d&#8217;anticorps.<\/li>\n<li><strong>Vitamine E:\u00a0<\/strong>a des effets antioxydants et musculaires. Lorsque le taux de vitamine E est trop bas, l&#8217;orifice du trayon ne se ferme pas correctement et des agents pathog\u00e8nes peuvent p\u00e9n\u00e9trer dans la mamelle.<\/li>\n<li><strong>Vitamine C:\u00a0<\/strong>l\u2019antioxydant hydrosoluble le plus important<\/li>\n<\/ul>\n","protected":false},"featured_media":41515,"template":"","meta":[],"product_cat":[151],"product_tag":[],"acf":[],"_links":{"self":[{"href":"https:\/\/www.invebelgie.be\/fr\/wp-json\/wp\/v2\/product\/42154"}],"collection":[{"href":"https:\/\/www.invebelgie.be\/fr\/wp-json\/wp\/v2\/product"}],"about":[{"href":"https:\/\/www.invebelgie.be\/fr\/wp-json\/wp\/v2\/types\/product"}],"wp:featuredmedia":[{"embeddable":true,"href":"https:\/\/www.invebelgie.be\/fr\/wp-json\/wp\/v2\/media\/41515"}],"wp:attachment":[{"href":"https:\/\/www.invebelgie.be\/fr\/wp-json\/wp\/v2\/media?parent=42154"}],"wp:term":[{"taxonomy":"product_cat","embeddable":true,"href":"https:\/\/www.invebelgie.be\/fr\/wp-json\/wp\/v2\/product_cat?post=42154"},{"taxonomy":"product_tag","embeddable":true,"href":"https:\/\/www.invebelgie.be\/fr\/wp-json\/wp\/v2\/product_tag?post=42154"}],"curies":[{"name":"wp","href":"https:\/\/api.w.org\/{rel}","templated":true}]}}