{"id":42156,"date":"2021-02-14T15:06:34","date_gmt":"2021-02-14T15:06:34","guid":{"rendered":"https:\/\/www.invebelgie.be\/?post_type=product&#038;p=42156"},"modified":"2021-02-15T09:50:28","modified_gmt":"2021-02-15T09:50:28","slug":"inve-detoxyl-pig","status":"publish","type":"product","link":"https:\/\/www.invebelgie.be\/fr\/produit\/inve-detoxyl-pig\/","title":{"rendered":"INVE DETOXYL PIG"},"content":{"rendered":"","protected":false},"excerpt":{"rendered":"<p>INVE Detoxyl Pig est un aliment compl\u00e9mentaire pour porcs, bovin et moutons.<\/p>\n<ul>\n<li>stimule l\u2019app\u00e9tit<\/li>\n<li>aide \u00e0 la digestion<\/li>\n<li>aide \u00e0 la s\u00e9cr\u00e9tion d\u2019enzymes digestives<\/li>\n<li>prot\u00e8ge et nettoie le foie<\/li>\n<li>supporte le m\u00e9tabolisme en cas de contamination aux mycotoxines<\/li>\n<\/ul>\n","protected":false},"featured_media":41550,"template":"","meta":[],"product_cat":[151,141],"product_tag":[],"acf":[],"_links":{"self":[{"href":"https:\/\/www.invebelgie.be\/fr\/wp-json\/wp\/v2\/product\/42156"}],"collection":[{"href":"https:\/\/www.invebelgie.be\/fr\/wp-json\/wp\/v2\/product"}],"about":[{"href":"https:\/\/www.invebelgie.be\/fr\/wp-json\/wp\/v2\/types\/product"}],"wp:featuredmedia":[{"embeddable":true,"href":"https:\/\/www.invebelgie.be\/fr\/wp-json\/wp\/v2\/media\/41550"}],"wp:attachment":[{"href":"https:\/\/www.invebelgie.be\/fr\/wp-json\/wp\/v2\/media?parent=42156"}],"wp:term":[{"taxonomy":"product_cat","embeddable":true,"href":"https:\/\/www.invebelgie.be\/fr\/wp-json\/wp\/v2\/product_cat?post=42156"},{"taxonomy":"product_tag","embeddable":true,"href":"https:\/\/www.invebelgie.be\/fr\/wp-json\/wp\/v2\/product_tag?post=42156"}],"curies":[{"name":"wp","href":"https:\/\/api.w.org\/{rel}","templated":true}]}}