{"id":42160,"date":"2021-02-14T15:11:26","date_gmt":"2021-02-14T15:11:25","guid":{"rendered":"https:\/\/www.invebelgie.be\/?post_type=product&#038;p=42160"},"modified":"2021-02-15T09:48:32","modified_gmt":"2021-02-15T09:48:32","slug":"flor-inn","status":"publish","type":"product","link":"https:\/\/www.invebelgie.be\/fr\/produit\/flor-inn\/","title":{"rendered":"Flor-Inn"},"content":{"rendered":"","protected":false},"excerpt":{"rendered":"<p>Aliment compl\u00e9mentaire pour truies recommand\u00e9 lors de :<\/p>\n<ul>\n<li>Probl\u00e8mes intestinaux des porcelets dans la salle de mise bas<\/li>\n<li>Trop faible ingestion des truies en lactation<\/li>\n<\/ul>\n<p>Une suppl\u00e9mentation avec du Flor-Inn:<\/p>\n<ul>\n<li>Augmente la production laiti\u00e8re<\/li>\n<li>Am\u00e9liore la qualit\u00e9 du lait<\/li>\n<li>Augmente l\u2019efficience du m\u00e9tabolisme \u00e9nerg\u00e9tique<\/li>\n<li>R\u00e9sulte en un meilleur \u0153strus et augmente la taille de port\u00e9e<\/li>\n<\/ul>\n","protected":false},"featured_media":41518,"template":"","meta":[],"product_cat":[141,145],"product_tag":[],"acf":[],"_links":{"self":[{"href":"https:\/\/www.invebelgie.be\/fr\/wp-json\/wp\/v2\/product\/42160"}],"collection":[{"href":"https:\/\/www.invebelgie.be\/fr\/wp-json\/wp\/v2\/product"}],"about":[{"href":"https:\/\/www.invebelgie.be\/fr\/wp-json\/wp\/v2\/types\/product"}],"wp:featuredmedia":[{"embeddable":true,"href":"https:\/\/www.invebelgie.be\/fr\/wp-json\/wp\/v2\/media\/41518"}],"wp:attachment":[{"href":"https:\/\/www.invebelgie.be\/fr\/wp-json\/wp\/v2\/media?parent=42160"}],"wp:term":[{"taxonomy":"product_cat","embeddable":true,"href":"https:\/\/www.invebelgie.be\/fr\/wp-json\/wp\/v2\/product_cat?post=42160"},{"taxonomy":"product_tag","embeddable":true,"href":"https:\/\/www.invebelgie.be\/fr\/wp-json\/wp\/v2\/product_tag?post=42160"}],"curies":[{"name":"wp","href":"https:\/\/api.w.org\/{rel}","templated":true}]}}