{"id":42166,"date":"2019-11-22T11:08:18","date_gmt":"2019-11-22T11:08:18","guid":{"rendered":"https:\/\/www.invebelgie.be\/product\/inve-dry-cow\/"},"modified":"2021-02-15T08:14:58","modified_gmt":"2021-02-15T08:14:58","slug":"inve-dry-cow","status":"publish","type":"product","link":"https:\/\/www.invebelgie.be\/fr\/produit\/inve-dry-cow\/","title":{"rendered":"Inve Dry Cow"},"content":{"rendered":"[vc_row row_type=&#8221;row&#8221; use_row_as_full_screen_section=&#8221;no&#8221; type=&#8221;full_width&#8221; oblique_section=&#8221;no&#8221; text_align=&#8221;left&#8221; css_animation=&#8221;&#8221; box_shadow_on_row=&#8221;no&#8221;][vc_column][vc_tabs style=&#8221;horizontal&#8221; tab_type_default=&#8221;default&#8221;][vc_tab icon_pack=&#8221;font_awesome&#8221; fa_icon=&#8221;&#8221; tab_id=&#8221;d1632eea-497c-2&#8243;][vc_column_text]INVE Dry Cow contient:<\/p>\n<h4><strong>Pour pr\u00e9venir les fi\u00e8vres de lait:<\/strong><\/h4>\n<ul>\n<li><strong>De la z\u00e9olite naturelle<\/strong>: capte les cations comme le potassium et le calcium et stimule le m\u00e9tabolisme calcique osseux.<\/li>\n<li>Une forte dose tr\u00e8s absorbable de <strong>magn\u00e9sium <\/strong>provenant de diverses sources<\/li>\n<li>Un taux \u00e9lev\u00e9 de <strong>vitamine D3<\/strong> (impliqu\u00e9 dans le m\u00e9tabolisme du Ca et du P)<\/li>\n<\/ul>\n<p>&nbsp;<\/p>\n<h4><strong>Pour pr\u00e9venir les mammites ou les inflammations de l\u2019ut\u00e9rus:<\/strong><\/h4>\n<p>Une forte dose de <strong>vitamine\u00a0E<\/strong> (antioxydants, effet sur le syst\u00e8me immunitaire)<\/p>\n<ul>\n<li>Le r\u00f4le de la vitamine E pour la pr\u00e9vention des mammites a d\u00e9j\u00e0 tr\u00e8s clairement \u00e9t\u00e9 d\u00e9montr\u00e9<\/li>\n<\/ul>\n<p>Combinaison de s\u00e9l\u00e9nium <strong>organique et inorganique<\/strong>:<\/p>\n<ul>\n<li>Le S\u00e9l\u00e9nium comme la vitamine E jouent un r\u00f4le pr\u00e9dominant en tant qu\u2019antioxydant et ont un effet sur le syst\u00e8me immunitaire. Une suppl\u00e9mentation en s\u00e9l\u00e9nium peut r\u00e9duire les effets et la dur\u00e9e des mammites et m\u00e9trites.<\/li>\n<\/ul>\n<p>Combinaison de zinc <strong>organique et inorganique<\/strong>:<\/p>\n<ul>\n<li>Le Zinc a un effet positif sur le tissu \u00e9pith\u00e9lial ainsi que sur les cellules \u00e0 l&#8217;int\u00e9rieur des trayons et du syst\u00e8me reproducteur. Le zinc r\u00e9duit l&#8217;infiltration d&#8217;agents pathog\u00e8nes et donc \u00e9galement le risque d&#8217;apparition de probl\u00e8mes tels que la mammite et la m\u00e9trite.<\/li>\n<\/ul>\n<h4><strong>Pour pr\u00e9venir les d\u00e9sordres h\u00e9patiques\u00a0:<\/strong><\/h4>\n<ul>\n<li>Niacine:\u00a0joue un r\u00f4le dans le m\u00e9tabolisme \u00e9nerg\u00e9tique; les animaux ayant un bilan \u00e9nerg\u00e9tique n\u00e9gatif semblent avoir des besoins accrus en niacine<\/li>\n<li>Biotine:\u00a0est un cofacteur pour une vari\u00e9t\u00e9 d&#8217;enzymes impliqu\u00e9es dans divers processus m\u00e9taboliques, stimule le m\u00e9tabolisme du glucose<\/li>\n<li>Choline: diminue l\u2019accumulation de graisse du foie<\/li>\n<\/ul>\n[\/vc_column_text][\/vc_tab][\/vc_tabs][\/vc_column][\/vc_row]\n","protected":false},"excerpt":{"rendered":"<p>Aliment compl\u00e9mentaire pour bovin.<\/p>\n<p><strong>INVE Dry Cow<\/strong>\u00a0est d\u00e9velopp\u00e9 afin de pr\u00e9venir les probl\u00e8mes autour du v\u00ealage et lors du d\u00e9but de lactation (comme les inflammations de l\u2019ut\u00e9rus, maladie du veau et mammites). INVE Dry Cow aide au v\u00ealage et au d\u00e9but de lactation.<\/p>\n","protected":false},"featured_media":41538,"template":"","meta":[],"product_cat":[151],"product_tag":[],"acf":[],"_links":{"self":[{"href":"https:\/\/www.invebelgie.be\/fr\/wp-json\/wp\/v2\/product\/42166"}],"collection":[{"href":"https:\/\/www.invebelgie.be\/fr\/wp-json\/wp\/v2\/product"}],"about":[{"href":"https:\/\/www.invebelgie.be\/fr\/wp-json\/wp\/v2\/types\/product"}],"wp:featuredmedia":[{"embeddable":true,"href":"https:\/\/www.invebelgie.be\/fr\/wp-json\/wp\/v2\/media\/41538"}],"wp:attachment":[{"href":"https:\/\/www.invebelgie.be\/fr\/wp-json\/wp\/v2\/media?parent=42166"}],"wp:term":[{"taxonomy":"product_cat","embeddable":true,"href":"https:\/\/www.invebelgie.be\/fr\/wp-json\/wp\/v2\/product_cat?post=42166"},{"taxonomy":"product_tag","embeddable":true,"href":"https:\/\/www.invebelgie.be\/fr\/wp-json\/wp\/v2\/product_tag?post=42166"}],"curies":[{"name":"wp","href":"https:\/\/api.w.org\/{rel}","templated":true}]}}