{"id":42192,"date":"2020-01-13T15:16:41","date_gmt":"2020-01-13T15:16:41","guid":{"rendered":"https:\/\/www.invebelgie.be\/product\/premix-pour-volaille\/"},"modified":"2021-02-15T09:32:23","modified_gmt":"2021-02-15T09:32:23","slug":"premix-pour-volaille","status":"publish","type":"product","link":"https:\/\/www.invebelgie.be\/fr\/produit\/premix-pour-volaille\/","title":{"rendered":"Premix pour Volaille"},"content":{"rendered":"<p><\/p>\n","protected":false},"excerpt":{"rendered":"<p>INVE BELGIQUE produit une vari\u00e9t\u00e9 de pr\u00e9mix pour le secteur de la volaille. Ces pr\u00e9 m\u00e9langes sont faits sur mesure, la composition est adapt\u00e9e aux besoins sp\u00e9cifiques du client. INVE BELGIQUE offre des conseils professionnels pour formuler la meilleure composition possible&nbsp;adapt\u00e9e \u00e0 des exigences particuli\u00e8res. De plus, nous offrons \u00e9galement un soutien sur la formulation des aliments pour volaille.<\/p>\n<p>En plus des pr\u00e9 m\u00e9langes sp\u00e9cifiques aux clients, INVE BELGIQUE propose \u00e9galement des compl\u00e9ments alimentaires pour volailles.<\/p>\n","protected":false},"featured_media":41532,"template":"","meta":[],"product_cat":[143,149,147,148,150],"product_tag":[],"acf":[],"_links":{"self":[{"href":"https:\/\/www.invebelgie.be\/fr\/wp-json\/wp\/v2\/product\/42192"}],"collection":[{"href":"https:\/\/www.invebelgie.be\/fr\/wp-json\/wp\/v2\/product"}],"about":[{"href":"https:\/\/www.invebelgie.be\/fr\/wp-json\/wp\/v2\/types\/product"}],"wp:featuredmedia":[{"embeddable":true,"href":"https:\/\/www.invebelgie.be\/fr\/wp-json\/wp\/v2\/media\/41532"}],"wp:attachment":[{"href":"https:\/\/www.invebelgie.be\/fr\/wp-json\/wp\/v2\/media?parent=42192"}],"wp:term":[{"taxonomy":"product_cat","embeddable":true,"href":"https:\/\/www.invebelgie.be\/fr\/wp-json\/wp\/v2\/product_cat?post=42192"},{"taxonomy":"product_tag","embeddable":true,"href":"https:\/\/www.invebelgie.be\/fr\/wp-json\/wp\/v2\/product_tag?post=42192"}],"curies":[{"name":"wp","href":"https:\/\/api.w.org\/{rel}","templated":true}]}}