{"id":42193,"date":"2019-11-22T12:10:08","date_gmt":"2019-11-22T12:10:08","guid":{"rendered":"https:\/\/www.invebelgie.be\/product\/premix-et-mineraux-pour-bovins\/"},"modified":"2019-11-22T12:10:08","modified_gmt":"2019-11-22T12:10:08","slug":"premix-et-mineraux-pour-bovins","status":"publish","type":"product","link":"https:\/\/www.invebelgie.be\/fr\/produit\/premix-et-mineraux-pour-bovins\/","title":{"rendered":"Premix et Mineraux pour Bovins"},"content":{"rendered":"","protected":false},"excerpt":{"rendered":"<p>INVE BELGIQUE produit une vari\u00e9t\u00e9 de pr\u00e9 m\u00e9langes pour bovins. Ces pr\u00e9 m\u00e9langes sont faits sur mesure, la composition est adapt\u00e9e aux besoins sp\u00e9cifiques du client. INVE BELGIQUE offre des conseils professionnels pour formuler la meilleure composition possible adapt\u00e9e \u00e0 des exigences particuli\u00e8res.<\/p>\n<p>Ces pr\u00e9 m\u00e9langes et m\u00e9langes min\u00e9raux sont disponibles \u00e0 la fois sous forme de poudre et sous forme grossi\u00e8re.<\/p>\n<p>De plus, nous offrons \u00e9galement un soutien sur la formulation des rations pour b\u00e9tail.<\/p>\n<p>En plus des pr\u00e9 m\u00e9langes sp\u00e9cifiques aux clients, INVE BELGIQUE propose \u00e9galement des compl\u00e9ments alimentaires pour bovins.<\/p>\n","protected":false},"featured_media":41513,"template":"","meta":[],"product_cat":[151],"product_tag":[],"acf":[],"_links":{"self":[{"href":"https:\/\/www.invebelgie.be\/fr\/wp-json\/wp\/v2\/product\/42193"}],"collection":[{"href":"https:\/\/www.invebelgie.be\/fr\/wp-json\/wp\/v2\/product"}],"about":[{"href":"https:\/\/www.invebelgie.be\/fr\/wp-json\/wp\/v2\/types\/product"}],"wp:featuredmedia":[{"embeddable":true,"href":"https:\/\/www.invebelgie.be\/fr\/wp-json\/wp\/v2\/media\/41513"}],"wp:attachment":[{"href":"https:\/\/www.invebelgie.be\/fr\/wp-json\/wp\/v2\/media?parent=42193"}],"wp:term":[{"taxonomy":"product_cat","embeddable":true,"href":"https:\/\/www.invebelgie.be\/fr\/wp-json\/wp\/v2\/product_cat?post=42193"},{"taxonomy":"product_tag","embeddable":true,"href":"https:\/\/www.invebelgie.be\/fr\/wp-json\/wp\/v2\/product_tag?post=42193"}],"curies":[{"name":"wp","href":"https:\/\/api.w.org\/{rel}","templated":true}]}}