{"id":42194,"date":"2019-11-08T10:24:22","date_gmt":"2019-11-08T10:24:22","guid":{"rendered":"https:\/\/www.invebelgie.be\/product\/vitabro-c\/"},"modified":"2019-11-08T10:24:22","modified_gmt":"2019-11-08T10:24:22","slug":"vitabro-c","status":"publish","type":"product","link":"https:\/\/www.invebelgie.be\/fr\/produit\/vitabro-c\/","title":{"rendered":"Vitabro C"},"content":{"rendered":"","protected":false},"excerpt":{"rendered":"<p>Aliment compl\u00e9mentaire qui contient une combinaison de b\u00eata-carot\u00e8ne et de vitamines pour pr\u00e9venir les probl\u00e8mes li\u00e9s \u00e0 l&#8217;\u0153strus et \u00e0 la chaleur chez les truies.<\/p>\n<p>Recommand\u00e9 pour les fermes o\u00f9 surviennent des probl\u00e8mes de fertilit\u00e9 p\u00e9riodiques et pour les truies avec des probl\u00e8mes d&#8217;\u0153strus.<\/p>\n","protected":false},"featured_media":0,"template":"","meta":[],"product_cat":[141,145],"product_tag":[],"acf":[],"_links":{"self":[{"href":"https:\/\/www.invebelgie.be\/fr\/wp-json\/wp\/v2\/product\/42194"}],"collection":[{"href":"https:\/\/www.invebelgie.be\/fr\/wp-json\/wp\/v2\/product"}],"about":[{"href":"https:\/\/www.invebelgie.be\/fr\/wp-json\/wp\/v2\/types\/product"}],"wp:attachment":[{"href":"https:\/\/www.invebelgie.be\/fr\/wp-json\/wp\/v2\/media?parent=42194"}],"wp:term":[{"taxonomy":"product_cat","embeddable":true,"href":"https:\/\/www.invebelgie.be\/fr\/wp-json\/wp\/v2\/product_cat?post=42194"},{"taxonomy":"product_tag","embeddable":true,"href":"https:\/\/www.invebelgie.be\/fr\/wp-json\/wp\/v2\/product_tag?post=42194"}],"curies":[{"name":"wp","href":"https:\/\/api.w.org\/{rel}","templated":true}]}}