{"id":42196,"date":"2019-11-08T09:59:44","date_gmt":"2019-11-08T09:59:44","guid":{"rendered":"https:\/\/www.invebelgie.be\/product\/inve-worp\/"},"modified":"2021-02-15T10:02:56","modified_gmt":"2021-02-15T10:02:56","slug":"inve-worp","status":"publish","type":"product","link":"https:\/\/www.invebelgie.be\/fr\/produit\/inve-worp\/","title":{"rendered":"INVE Worp"},"content":{"rendered":"","protected":false},"excerpt":{"rendered":"<p>Aliment compl\u00e9mentaire pour truies<\/p>\n<h4><strong>Application:<\/strong><\/h4>\n<p>250 g\/truie\/jour:<\/p>\n<ul>\n<li>de 7 jours avant \u00e0 5 jours apr\u00e8s la mise bas<\/li>\n<li>pendant 3 semaines avant la mise-bas<\/li>\n<li>de 5 jours avant le sevrage \u00e0 l&#8217;ins\u00e9mination<\/li>\n<\/ul>\n<p>125 g \/ truie \/ jour en compl\u00e9ment alimentaire g\u00e9n\u00e9ral pour les truies:<\/p>\n<p>INVE-WORP peut \u00eatre appliqu\u00e9 en cure de vitamines et oligo-\u00e9l\u00e9ments:<\/p>\n<ul>\n<li>pour les truies \u00e0 faible apport alimentaire<\/li>\n<li>pour la pr\u00e9vention des probl\u00e8mes de jambes<\/li>\n<li>pour soutenir la sant\u00e9 g\u00e9n\u00e9rale des truies<\/li>\n<\/ul>\n<p>INVE Worp facilite le processus de naissance gr\u00e2ce \u00e0 ses<\/p>\n<ul>\n<li>(1) propri\u00e9t\u00e9s laxatives,<\/li>\n<li>(2) son contenu \u00e9nerg\u00e9tique &#8211; fourni \u00e0 partir de graisses et de sucres (sources de glucose directement digestibles et \u00e0 lib\u00e9ration lente) -et<\/li>\n<li>(3) teneur en calcium \u00e9lev\u00e9e et plus bio disponible.<\/li>\n<\/ul>\n<p>Nourrir INVE Worp donne des porcelets plus lourds et plus vigoureux en raison de ses sources de mati\u00e8res grasses qui ont un effet positif sur le poids de naissance, des vitamines suppl\u00e9mentaires et de la choline suppl\u00e9mentaire.<\/p>\n<p>La suppl\u00e9mentation INVE Worp soutient la production de lait:<\/p>\n<ul>\n<li>gr\u00e2ce \u00e0 un meilleur apport en Ca,<\/li>\n<li>par un apport plus important de phosphore digestible provenant de diff\u00e9rentes sources<\/li>\n<li>un meilleur apport \u00e9nerg\u00e9tique \u00e0 partir d&#8217;une combinaison de glucose, de graisse et de b\u00e9taine.<\/li>\n<\/ul>\n","protected":false},"featured_media":41516,"template":"","meta":[],"product_cat":[141,145],"product_tag":[],"acf":[],"_links":{"self":[{"href":"https:\/\/www.invebelgie.be\/fr\/wp-json\/wp\/v2\/product\/42196"}],"collection":[{"href":"https:\/\/www.invebelgie.be\/fr\/wp-json\/wp\/v2\/product"}],"about":[{"href":"https:\/\/www.invebelgie.be\/fr\/wp-json\/wp\/v2\/types\/product"}],"wp:featuredmedia":[{"embeddable":true,"href":"https:\/\/www.invebelgie.be\/fr\/wp-json\/wp\/v2\/media\/41516"}],"wp:attachment":[{"href":"https:\/\/www.invebelgie.be\/fr\/wp-json\/wp\/v2\/media?parent=42196"}],"wp:term":[{"taxonomy":"product_cat","embeddable":true,"href":"https:\/\/www.invebelgie.be\/fr\/wp-json\/wp\/v2\/product_cat?post=42196"},{"taxonomy":"product_tag","embeddable":true,"href":"https:\/\/www.invebelgie.be\/fr\/wp-json\/wp\/v2\/product_tag?post=42196"}],"curies":[{"name":"wp","href":"https:\/\/api.w.org\/{rel}","templated":true}]}}