{"id":42198,"date":"2019-11-08T10:03:49","date_gmt":"2019-11-08T10:03:49","guid":{"rendered":"https:\/\/www.invebelgie.be\/product\/inve-happy-feet\/"},"modified":"2019-11-08T10:03:49","modified_gmt":"2019-11-08T10:03:49","slug":"inve-happy-feet","status":"publish","type":"product","link":"https:\/\/www.invebelgie.be\/fr\/produit\/inve-happy-feet\/","title":{"rendered":"INVE Happy Feet"},"content":{"rendered":"","protected":false},"excerpt":{"rendered":"<p>Aliment compl\u00e9mentaire pour porcs en cas de boiterie.<\/p>\n<p>La boiterie est souvent identifi\u00e9e chez les truies, g\u00e9n\u00e9ralement 1 truie sur 6 est \u00e9limin\u00e9e en raison de probl\u00e8mes de pattes ou d\u2019onglons. La perte financi\u00e8re est estim\u00e9e entre 30 et 40 euros par truie pr\u00e9sente.<\/p>\n<p>INVE Happy Feet contient des vitamines et min\u00e9raux suppl\u00e9mentaires, qui renforcent les membres et favorisent la r\u00e9cup\u00e9ration des ongles.<\/p>\n","protected":false},"featured_media":41551,"template":"","meta":[],"product_cat":[141,142,144,145],"product_tag":[],"acf":[],"_links":{"self":[{"href":"https:\/\/www.invebelgie.be\/fr\/wp-json\/wp\/v2\/product\/42198"}],"collection":[{"href":"https:\/\/www.invebelgie.be\/fr\/wp-json\/wp\/v2\/product"}],"about":[{"href":"https:\/\/www.invebelgie.be\/fr\/wp-json\/wp\/v2\/types\/product"}],"wp:featuredmedia":[{"embeddable":true,"href":"https:\/\/www.invebelgie.be\/fr\/wp-json\/wp\/v2\/media\/41551"}],"wp:attachment":[{"href":"https:\/\/www.invebelgie.be\/fr\/wp-json\/wp\/v2\/media?parent=42198"}],"wp:term":[{"taxonomy":"product_cat","embeddable":true,"href":"https:\/\/www.invebelgie.be\/fr\/wp-json\/wp\/v2\/product_cat?post=42198"},{"taxonomy":"product_tag","embeddable":true,"href":"https:\/\/www.invebelgie.be\/fr\/wp-json\/wp\/v2\/product_tag?post=42198"}],"curies":[{"name":"wp","href":"https:\/\/api.w.org\/{rel}","templated":true}]}}