{"id":42199,"date":"2019-11-08T09:40:10","date_gmt":"2019-11-08T09:40:10","guid":{"rendered":"https:\/\/www.invebelgie.be\/product\/inve-laura-fit\/"},"modified":"2019-11-08T09:40:10","modified_gmt":"2019-11-08T09:40:10","slug":"inve-laura-fit","status":"publish","type":"product","link":"https:\/\/www.invebelgie.be\/fr\/produit\/inve-laura-fit\/","title":{"rendered":"INVE Laura Fit"},"content":{"rendered":"","protected":false},"excerpt":{"rendered":"<p>INVE Laura Fit 0.25 est un m\u00e9lange de monolaurate de glyc\u00e9rol et d&#8217;acide laurique. Le monolaurate de glyc\u00e9rol est un monoglyc\u00e9ride ou acide laurique (un ester de C12: 0 avec le glyc\u00e9rol). L&#8217;acide laurique est l&#8217;acide gras satur\u00e9 C12: 0 qui est un acide gras \u00e0 cha\u00eene moyenne.<\/p>\n<p>Ces acides gras ont une activit\u00e9 antimicrobienne, principalement contre les bact\u00e9ries Gram +:<\/p>\n<ul>\n<li>Streptocoques<\/li>\n<li>Staphylocoques<\/li>\n<\/ul>\n<p>Outre l&#8217;activit\u00e9 antimicrobienne, l&#8217;acide laurique et le monolaurate de glyc\u00e9rol ont \u00e9galement un effet antiviral et antifongique.<\/p>\n","protected":false},"featured_media":41486,"template":"","meta":[],"product_cat":[141,142,144,143],"product_tag":[],"acf":[],"_links":{"self":[{"href":"https:\/\/www.invebelgie.be\/fr\/wp-json\/wp\/v2\/product\/42199"}],"collection":[{"href":"https:\/\/www.invebelgie.be\/fr\/wp-json\/wp\/v2\/product"}],"about":[{"href":"https:\/\/www.invebelgie.be\/fr\/wp-json\/wp\/v2\/types\/product"}],"wp:featuredmedia":[{"embeddable":true,"href":"https:\/\/www.invebelgie.be\/fr\/wp-json\/wp\/v2\/media\/41486"}],"wp:attachment":[{"href":"https:\/\/www.invebelgie.be\/fr\/wp-json\/wp\/v2\/media?parent=42199"}],"wp:term":[{"taxonomy":"product_cat","embeddable":true,"href":"https:\/\/www.invebelgie.be\/fr\/wp-json\/wp\/v2\/product_cat?post=42199"},{"taxonomy":"product_tag","embeddable":true,"href":"https:\/\/www.invebelgie.be\/fr\/wp-json\/wp\/v2\/product_tag?post=42199"}],"curies":[{"name":"wp","href":"https:\/\/api.w.org\/{rel}","templated":true}]}}