{"id":42200,"date":"2019-11-08T09:49:02","date_gmt":"2019-11-08T09:49:02","guid":{"rendered":"https:\/\/www.invebelgie.be\/product\/inve-entofit\/"},"modified":"2019-11-08T09:49:02","modified_gmt":"2019-11-08T09:49:02","slug":"inve-entofit","status":"publish","type":"product","link":"https:\/\/www.invebelgie.be\/fr\/produit\/inve-entofit\/","title":{"rendered":"INVE Entofit"},"content":{"rendered":"","protected":false},"excerpt":{"rendered":"<p>INVE Entofit aide \u00e0 d\u00e9velopper une flore intestinale stable et \u00e9quilibr\u00e9e chez les porcs en croissance. C&#8217;est un aliment compl\u00e9mentaire avec un m\u00e9lange d&#8217;acides gras et d&#8217;acides organiques enrob\u00e9s. L&#8217;enrobage facilite l&#8217;utilisation des acides organiques. En raison de l&#8217;enrobage, il y a une lib\u00e9ration progressive des ingr\u00e9dients actifs dans le tractus gastro-intestinal.<\/p>\n","protected":false},"featured_media":41554,"template":"","meta":[],"product_cat":[141,144],"product_tag":[],"acf":[],"_links":{"self":[{"href":"https:\/\/www.invebelgie.be\/fr\/wp-json\/wp\/v2\/product\/42200"}],"collection":[{"href":"https:\/\/www.invebelgie.be\/fr\/wp-json\/wp\/v2\/product"}],"about":[{"href":"https:\/\/www.invebelgie.be\/fr\/wp-json\/wp\/v2\/types\/product"}],"wp:featuredmedia":[{"embeddable":true,"href":"https:\/\/www.invebelgie.be\/fr\/wp-json\/wp\/v2\/media\/41554"}],"wp:attachment":[{"href":"https:\/\/www.invebelgie.be\/fr\/wp-json\/wp\/v2\/media?parent=42200"}],"wp:term":[{"taxonomy":"product_cat","embeddable":true,"href":"https:\/\/www.invebelgie.be\/fr\/wp-json\/wp\/v2\/product_cat?post=42200"},{"taxonomy":"product_tag","embeddable":true,"href":"https:\/\/www.invebelgie.be\/fr\/wp-json\/wp\/v2\/product_tag?post=42200"}],"curies":[{"name":"wp","href":"https:\/\/api.w.org\/{rel}","templated":true}]}}