{"id":42201,"date":"2019-11-22T10:18:42","date_gmt":"2019-11-22T10:18:42","guid":{"rendered":"https:\/\/www.invebelgie.be\/product\/inve-fat-99m\/"},"modified":"2019-11-22T10:18:42","modified_gmt":"2019-11-22T10:18:42","slug":"inve-fat-99m","status":"publish","type":"product","link":"https:\/\/www.invebelgie.be\/fr\/produit\/inve-fat-99m\/","title":{"rendered":"INVE FAT 99M"},"content":{"rendered":"","protected":false},"excerpt":{"rendered":"<p>Poudre de graisse stable dans le rumen pour ruminants.<\/p>\n<p>En tant que concentr\u00e9 \u00e9nerg\u00e9tique, il convient \u00e9galement aux porcs.<\/p>\n<p>Il est compos\u00e9 de graisse de palme raffin\u00e9e et durcie (99,5%).<\/p>\n<p><strong>Dosage recommand\u00e9:<\/strong><\/p>\n<ul>\n<li>Bovins : 200 \u2013 500 g\/b\u00eate\/jour<\/li>\n<li>Ch\u00e8vres: 20-50 g\/b\u00eate\/jour<\/li>\n<li>Porcs: de 1 \u00e0 4% dans la ration totale<\/li>\n<\/ul>\n","protected":false},"featured_media":41548,"template":"","meta":[],"product_cat":[151],"product_tag":[],"acf":[],"_links":{"self":[{"href":"https:\/\/www.invebelgie.be\/fr\/wp-json\/wp\/v2\/product\/42201"}],"collection":[{"href":"https:\/\/www.invebelgie.be\/fr\/wp-json\/wp\/v2\/product"}],"about":[{"href":"https:\/\/www.invebelgie.be\/fr\/wp-json\/wp\/v2\/types\/product"}],"wp:featuredmedia":[{"embeddable":true,"href":"https:\/\/www.invebelgie.be\/fr\/wp-json\/wp\/v2\/media\/41548"}],"wp:attachment":[{"href":"https:\/\/www.invebelgie.be\/fr\/wp-json\/wp\/v2\/media?parent=42201"}],"wp:term":[{"taxonomy":"product_cat","embeddable":true,"href":"https:\/\/www.invebelgie.be\/fr\/wp-json\/wp\/v2\/product_cat?post=42201"},{"taxonomy":"product_tag","embeddable":true,"href":"https:\/\/www.invebelgie.be\/fr\/wp-json\/wp\/v2\/product_tag?post=42201"}],"curies":[{"name":"wp","href":"https:\/\/api.w.org\/{rel}","templated":true}]}}