{"id":42203,"date":"2019-10-09T11:57:33","date_gmt":"2019-10-09T11:57:33","guid":{"rendered":"https:\/\/www.invebelgie.be\/product\/inve-feeder\/"},"modified":"2019-10-09T11:57:33","modified_gmt":"2019-10-09T11:57:33","slug":"inve-feeder","status":"publish","type":"product","link":"https:\/\/www.invebelgie.be\/fr\/produit\/inve-feeder\/","title":{"rendered":"INVE Feeder"},"content":{"rendered":"<h4><strong>Les abreuvoirs sont:<\/strong><\/h4>\n<ul>\n<li>4 sucettes<\/li>\n<li>Bien accessible, m\u00eame pour les plus petits porcelets<\/li>\n<li>ajustable en hauteur<\/li>\n<li>aucun bol suppl\u00e9mentaire n\u2019est requit<\/li>\n<\/ul>\n<h4><strong>Avantages de l\u2019utilisation des INVE Feeder:<\/strong><\/h4>\n<ul>\n<li>Poids des porcelets plus \u00e9lev\u00e9 (en moyenne +1350 g) \u00e0 la fin de la p\u00e9riode de croissance<\/li>\n<li>Des groupes plus homog\u00e8nes<\/li>\n<li>INVE Feeder est particuli\u00e8rement adapt\u00e9 aux porcelets pesant moins de 7 kg au sevrage<\/li>\n<\/ul>\n","protected":false},"excerpt":{"rendered":"<p>Convient pour:<\/p>\n<ul>\n<li>des groupes de porcelets allant de 35 \u00e0 40 sujets<\/li>\n<li>des animaux pesant de 5 \u00e0 30 kg<\/li>\n<\/ul>\n<p>Facilement ajustable: une mangeoire propre est essentielle pour avoir des porcelets en bonne sant\u00e9 et une meilleure conversion alimentaire<\/p>\n<p>Peut \u00eatre plac\u00e9 au milieu de l&#8217;enclos ou sur le c\u00f4t\u00e9, mais il est recommand\u00e9 de l&#8217;installer au milieu pour laisser plus d&#8217;espace tout autour des porcelets.<\/p>\n","protected":false},"featured_media":0,"template":"","meta":[],"product_cat":[141,142],"product_tag":[],"acf":[],"_links":{"self":[{"href":"https:\/\/www.invebelgie.be\/fr\/wp-json\/wp\/v2\/product\/42203"}],"collection":[{"href":"https:\/\/www.invebelgie.be\/fr\/wp-json\/wp\/v2\/product"}],"about":[{"href":"https:\/\/www.invebelgie.be\/fr\/wp-json\/wp\/v2\/types\/product"}],"wp:attachment":[{"href":"https:\/\/www.invebelgie.be\/fr\/wp-json\/wp\/v2\/media?parent=42203"}],"wp:term":[{"taxonomy":"product_cat","embeddable":true,"href":"https:\/\/www.invebelgie.be\/fr\/wp-json\/wp\/v2\/product_cat?post=42203"},{"taxonomy":"product_tag","embeddable":true,"href":"https:\/\/www.invebelgie.be\/fr\/wp-json\/wp\/v2\/product_tag?post=42203"}],"curies":[{"name":"wp","href":"https:\/\/api.w.org\/{rel}","templated":true}]}}