{"id":42204,"date":"2021-02-05T17:21:38","date_gmt":"2021-02-05T17:21:38","guid":{"rendered":"https:\/\/www.invebelgie.be\/product\/imboost\/"},"modified":"2021-02-15T10:33:15","modified_gmt":"2021-02-15T10:33:15","slug":"imboost","status":"publish","type":"product","link":"https:\/\/www.invebelgie.be\/fr\/produit\/imboost\/","title":{"rendered":"ImBoost"},"content":{"rendered":"","protected":false},"excerpt":{"rendered":"<p><span class=\"JsGRdQ\">ImBoost est un compl\u00e9ment hydro soluble bas\u00e9 sur de nombreux extraits de plantes, vitamine C et zinc permettant d&#8217;augmenter l&#8217;immunit\u00e9 des animaux.<\/span><\/p>\n<p>&nbsp;<\/p>\n","protected":false},"featured_media":41534,"template":"","meta":[],"product_cat":[143],"product_tag":[],"acf":[],"_links":{"self":[{"href":"https:\/\/www.invebelgie.be\/fr\/wp-json\/wp\/v2\/product\/42204"}],"collection":[{"href":"https:\/\/www.invebelgie.be\/fr\/wp-json\/wp\/v2\/product"}],"about":[{"href":"https:\/\/www.invebelgie.be\/fr\/wp-json\/wp\/v2\/types\/product"}],"wp:featuredmedia":[{"embeddable":true,"href":"https:\/\/www.invebelgie.be\/fr\/wp-json\/wp\/v2\/media\/41534"}],"wp:attachment":[{"href":"https:\/\/www.invebelgie.be\/fr\/wp-json\/wp\/v2\/media?parent=42204"}],"wp:term":[{"taxonomy":"product_cat","embeddable":true,"href":"https:\/\/www.invebelgie.be\/fr\/wp-json\/wp\/v2\/product_cat?post=42204"},{"taxonomy":"product_tag","embeddable":true,"href":"https:\/\/www.invebelgie.be\/fr\/wp-json\/wp\/v2\/product_tag?post=42204"}],"curies":[{"name":"wp","href":"https:\/\/api.w.org\/{rel}","templated":true}]}}