{"id":42205,"date":"2019-11-06T13:27:30","date_gmt":"2019-11-06T13:27:30","guid":{"rendered":"https:\/\/www.invebelgie.be\/product\/baya-100\/"},"modified":"2019-11-06T13:27:30","modified_gmt":"2019-11-06T13:27:30","slug":"baya-100","status":"publish","type":"product","link":"https:\/\/www.invebelgie.be\/fr\/produit\/baya-100\/","title":{"rendered":"BAYA-100"},"content":{"rendered":"","protected":false},"excerpt":{"rendered":"<p class=\"_04xlpA direction-ltr align-justify para-style-body\"><span class=\"JsGRdQ\">BAYA-100 est un <\/span><span class=\"JsGRdQ\">anti oxydant naturel<\/span><span class=\"JsGRdQ\"> bas\u00e9 sur les fruits rouges, riches en polyph\u00e9nols. Ces polyph\u00e9nols ont une capacit\u00e9 anti oxydatives dans les cellules et exercent des effets positifs sur la sant\u00e9 intestinale.<\/span><\/p>\n<p class=\"_04xlpA direction-ltr align-justify para-style-body\"><span class=\"JsGRdQ\">Une meilleure sant\u00e9 intestinale r\u00e9sulte en une meilleure utilisation des nutriments, une meilleure croissance et des performances am\u00e9lior\u00e9es.<\/span><\/p>\n","protected":false},"featured_media":41501,"template":"","meta":[],"product_cat":[151,160,141,143],"product_tag":[],"acf":[],"_links":{"self":[{"href":"https:\/\/www.invebelgie.be\/fr\/wp-json\/wp\/v2\/product\/42205"}],"collection":[{"href":"https:\/\/www.invebelgie.be\/fr\/wp-json\/wp\/v2\/product"}],"about":[{"href":"https:\/\/www.invebelgie.be\/fr\/wp-json\/wp\/v2\/types\/product"}],"wp:featuredmedia":[{"embeddable":true,"href":"https:\/\/www.invebelgie.be\/fr\/wp-json\/wp\/v2\/media\/41501"}],"wp:attachment":[{"href":"https:\/\/www.invebelgie.be\/fr\/wp-json\/wp\/v2\/media?parent=42205"}],"wp:term":[{"taxonomy":"product_cat","embeddable":true,"href":"https:\/\/www.invebelgie.be\/fr\/wp-json\/wp\/v2\/product_cat?post=42205"},{"taxonomy":"product_tag","embeddable":true,"href":"https:\/\/www.invebelgie.be\/fr\/wp-json\/wp\/v2\/product_tag?post=42205"}],"curies":[{"name":"wp","href":"https:\/\/api.w.org\/{rel}","templated":true}]}}