{"id":42213,"date":"2021-02-15T10:56:14","date_gmt":"2021-02-15T10:56:14","guid":{"rendered":"https:\/\/www.invebelgie.be\/?post_type=product&#038;p=42213"},"modified":"2021-02-15T10:57:57","modified_gmt":"2021-02-15T10:57:57","slug":"bovimax-boost","status":"publish","type":"product","link":"https:\/\/www.invebelgie.be\/fr\/produit\/bovimax-boost\/","title":{"rendered":"Bovimax Boost"},"content":{"rendered":"[vc_row row_type=&#8221;row&#8221; use_row_as_full_screen_section=&#8221;no&#8221; type=&#8221;full_width&#8221; oblique_section=&#8221;no&#8221; text_align=&#8221;left&#8221; css_animation=&#8221;&#8221; box_shadow_on_row=&#8221;no&#8221;][vc_column][\/vc_column][\/vc_row]\n","protected":false},"excerpt":{"rendered":"<p><span class=\"JsGRdQ\">Bovimax BOOST est un aliment compl\u00e9mentaire d\u00e9velopp\u00e9 afin d&#8217;optimaliser la digestion et la sant\u00e9 ruminale des bovins. Suppl\u00e9menter la ration quotidienne avec Bovimax BOOST aide \u00e0 une fermentation ruminale am\u00e9lior\u00e9e avec moins de risques d&#8217;acidose. Gr\u00e2ce \u00e0 cela, les fourrages seront plus digestes et permettront une meilleure production.<\/span><\/p>\n<p>&nbsp;<\/p>\n","protected":false},"featured_media":41515,"template":"","meta":[],"product_cat":[151],"product_tag":[],"acf":[],"_links":{"self":[{"href":"https:\/\/www.invebelgie.be\/fr\/wp-json\/wp\/v2\/product\/42213"}],"collection":[{"href":"https:\/\/www.invebelgie.be\/fr\/wp-json\/wp\/v2\/product"}],"about":[{"href":"https:\/\/www.invebelgie.be\/fr\/wp-json\/wp\/v2\/types\/product"}],"wp:featuredmedia":[{"embeddable":true,"href":"https:\/\/www.invebelgie.be\/fr\/wp-json\/wp\/v2\/media\/41515"}],"wp:attachment":[{"href":"https:\/\/www.invebelgie.be\/fr\/wp-json\/wp\/v2\/media?parent=42213"}],"wp:term":[{"taxonomy":"product_cat","embeddable":true,"href":"https:\/\/www.invebelgie.be\/fr\/wp-json\/wp\/v2\/product_cat?post=42213"},{"taxonomy":"product_tag","embeddable":true,"href":"https:\/\/www.invebelgie.be\/fr\/wp-json\/wp\/v2\/product_tag?post=42213"}],"curies":[{"name":"wp","href":"https:\/\/api.w.org\/{rel}","templated":true}]}}