{"id":42214,"date":"2021-02-15T10:59:58","date_gmt":"2021-02-15T10:59:58","guid":{"rendered":"https:\/\/www.invebelgie.be\/?post_type=product&#038;p=42214"},"modified":"2021-02-15T11:01:29","modified_gmt":"2021-02-15T11:01:29","slug":"fertility-plus","status":"publish","type":"product","link":"https:\/\/www.invebelgie.be\/fr\/produit\/fertility-plus\/","title":{"rendered":"Fertility Plus"},"content":{"rendered":"[vc_row row_type=&#8221;row&#8221; use_row_as_full_screen_section=&#8221;no&#8221; type=&#8221;full_width&#8221; oblique_section=&#8221;no&#8221; text_align=&#8221;left&#8221; css_animation=&#8221;&#8221; box_shadow_on_row=&#8221;no&#8221;][vc_column][\/vc_column][\/vc_row]\n","protected":false},"excerpt":{"rendered":"<p class=\"_04xlpA direction-ltr align-start para-style-body\"><span class=\"JsGRdQ\">Aliment compl\u00e9mentaire afin d&#8217;am\u00e9liorer la fertilit\u00e9 des bovins.<\/span><\/p>\n<p class=\"_04xlpA direction-ltr align-start para-style-body\"><span class=\"JsGRdQ\">La production de spermatozo\u00efdes est augment\u00e9e et la mobilit\u00e9 renforc\u00e9e.<\/span><\/p>\n<p class=\"_04xlpA direction-ltr align-start para-style-body\"><span class=\"JsGRdQ\">Les bovins ont une r\u00e9sistance plus importante contre les maladies.<\/span><\/p>\n<p>&nbsp;<\/p>\n","protected":false},"featured_media":41515,"template":"","meta":[],"product_cat":[151],"product_tag":[],"acf":[],"_links":{"self":[{"href":"https:\/\/www.invebelgie.be\/fr\/wp-json\/wp\/v2\/product\/42214"}],"collection":[{"href":"https:\/\/www.invebelgie.be\/fr\/wp-json\/wp\/v2\/product"}],"about":[{"href":"https:\/\/www.invebelgie.be\/fr\/wp-json\/wp\/v2\/types\/product"}],"wp:featuredmedia":[{"embeddable":true,"href":"https:\/\/www.invebelgie.be\/fr\/wp-json\/wp\/v2\/media\/41515"}],"wp:attachment":[{"href":"https:\/\/www.invebelgie.be\/fr\/wp-json\/wp\/v2\/media?parent=42214"}],"wp:term":[{"taxonomy":"product_cat","embeddable":true,"href":"https:\/\/www.invebelgie.be\/fr\/wp-json\/wp\/v2\/product_cat?post=42214"},{"taxonomy":"product_tag","embeddable":true,"href":"https:\/\/www.invebelgie.be\/fr\/wp-json\/wp\/v2\/product_tag?post=42214"}],"curies":[{"name":"wp","href":"https:\/\/api.w.org\/{rel}","templated":true}]}}