{"id":42215,"date":"2021-02-15T11:01:47","date_gmt":"2021-02-15T11:01:47","guid":{"rendered":"https:\/\/www.invebelgie.be\/?post_type=product&#038;p=42215"},"modified":"2021-02-15T11:03:24","modified_gmt":"2021-02-15T11:03:24","slug":"combifat","status":"publish","type":"product","link":"https:\/\/www.invebelgie.be\/fr\/produit\/combifat\/","title":{"rendered":"Combifat"},"content":{"rendered":"[vc_row row_type=&#8221;row&#8221; use_row_as_full_screen_section=&#8221;no&#8221; type=&#8221;full_width&#8221; oblique_section=&#8221;no&#8221; text_align=&#8221;left&#8221; css_animation=&#8221;&#8221; box_shadow_on_row=&#8221;no&#8221;][vc_column][\/vc_column][\/vc_row]\n","protected":false},"excerpt":{"rendered":"<p><span class=\"JsGRdQ\">INVE <\/span><span class=\"JsGRdQ\">Combifat est un concentr\u00e9 avec un taux de graisse et de prot\u00e9ines \u00e9lev\u00e9<\/span><\/p>\n<p><span class=\"JsGRdQ\">La haute valeur \u00e9nerg\u00e9tique permet d&#8217;augmenter la production laiti\u00e8re mais \u00e9galement le Gain Quotidien Moyen des taurillons \u00e0 l&#8217;engraissement.<\/span><\/p>\n<p><span class=\"JsGRdQ\">INVE Combifat contient les graisses BY PASS.<\/span><\/p>\n<p><span class=\"JsGRdQ\">TRES app\u00e9tant afin d&#8217;augmenter \u00e9galement l&#8217;ing\u00e9r\u00e9.<\/span><\/p>\n<p>&nbsp;<\/p>\n","protected":false},"featured_media":41515,"template":"","meta":[],"product_cat":[151],"product_tag":[],"acf":[],"_links":{"self":[{"href":"https:\/\/www.invebelgie.be\/fr\/wp-json\/wp\/v2\/product\/42215"}],"collection":[{"href":"https:\/\/www.invebelgie.be\/fr\/wp-json\/wp\/v2\/product"}],"about":[{"href":"https:\/\/www.invebelgie.be\/fr\/wp-json\/wp\/v2\/types\/product"}],"wp:featuredmedia":[{"embeddable":true,"href":"https:\/\/www.invebelgie.be\/fr\/wp-json\/wp\/v2\/media\/41515"}],"wp:attachment":[{"href":"https:\/\/www.invebelgie.be\/fr\/wp-json\/wp\/v2\/media?parent=42215"}],"wp:term":[{"taxonomy":"product_cat","embeddable":true,"href":"https:\/\/www.invebelgie.be\/fr\/wp-json\/wp\/v2\/product_cat?post=42215"},{"taxonomy":"product_tag","embeddable":true,"href":"https:\/\/www.invebelgie.be\/fr\/wp-json\/wp\/v2\/product_tag?post=42215"}],"curies":[{"name":"wp","href":"https:\/\/api.w.org\/{rel}","templated":true}]}}