{"id":42216,"date":"2021-02-15T11:04:26","date_gmt":"2021-02-15T11:04:26","guid":{"rendered":"https:\/\/www.invebelgie.be\/?post_type=product&#038;p=42216"},"modified":"2021-02-15T11:05:33","modified_gmt":"2021-02-15T11:05:33","slug":"stabilor","status":"publish","type":"product","link":"https:\/\/www.invebelgie.be\/fr\/produit\/stabilor\/","title":{"rendered":"Stabilor"},"content":{"rendered":"[vc_row row_type=&#8221;row&#8221; use_row_as_full_screen_section=&#8221;no&#8221; type=&#8221;full_width&#8221; oblique_section=&#8221;no&#8221; text_align=&#8221;left&#8221; css_animation=&#8221;&#8221; box_shadow_on_row=&#8221;no&#8221;][vc_column][\/vc_column][\/vc_row]\n","protected":false},"excerpt":{"rendered":"<p class=\"_04xlpA direction-ltr align-justify para-style-heading2\"><span class=\"JsGRdQ\">INVE Stabilor est un min\u00e9ral avec une capacit\u00e9 de pouvoir tampon TRES \u00e9lev\u00e9 afin de pr\u00e9venir l&#8217;acidose du rumen.<\/span><\/p>\n<p class=\"_04xlpA direction-ltr align-justify para-style-heading2\"><span class=\"JsGRdQ\">Il contient de nombreux ingr\u00e9dients avec un pouvoir tampon optimal ainsi que des tailles de particules diverses qui permettent d&#8217;\u00eatre efficace \u00e0 diff\u00e9rents niveaux de pH.<\/span><\/p>\n<ul>\n<li><span class=\"JsGRdQ\">Composition sp\u00e9cifique permettant d&#8217;aider \u00e0 un fonctionnement optimal du rumen<\/span><\/li>\n<\/ul>\n<p>&nbsp;<\/p>\n","protected":false},"featured_media":41515,"template":"","meta":[],"product_cat":[151],"product_tag":[],"acf":[],"_links":{"self":[{"href":"https:\/\/www.invebelgie.be\/fr\/wp-json\/wp\/v2\/product\/42216"}],"collection":[{"href":"https:\/\/www.invebelgie.be\/fr\/wp-json\/wp\/v2\/product"}],"about":[{"href":"https:\/\/www.invebelgie.be\/fr\/wp-json\/wp\/v2\/types\/product"}],"wp:featuredmedia":[{"embeddable":true,"href":"https:\/\/www.invebelgie.be\/fr\/wp-json\/wp\/v2\/media\/41515"}],"wp:attachment":[{"href":"https:\/\/www.invebelgie.be\/fr\/wp-json\/wp\/v2\/media?parent=42216"}],"wp:term":[{"taxonomy":"product_cat","embeddable":true,"href":"https:\/\/www.invebelgie.be\/fr\/wp-json\/wp\/v2\/product_cat?post=42216"},{"taxonomy":"product_tag","embeddable":true,"href":"https:\/\/www.invebelgie.be\/fr\/wp-json\/wp\/v2\/product_tag?post=42216"}],"curies":[{"name":"wp","href":"https:\/\/api.w.org\/{rel}","templated":true}]}}