{"id":42218,"date":"2021-02-15T11:10:40","date_gmt":"2021-02-15T11:10:40","guid":{"rendered":"https:\/\/www.invebelgie.be\/?post_type=product&#038;p=42218"},"modified":"2021-02-15T11:12:07","modified_gmt":"2021-02-15T11:12:07","slug":"detoxyl-plus","status":"publish","type":"product","link":"https:\/\/www.invebelgie.be\/fr\/produit\/detoxyl-plus\/","title":{"rendered":"Detoxyl Plus"},"content":{"rendered":"[vc_row row_type=&#8221;row&#8221; use_row_as_full_screen_section=&#8221;no&#8221; type=&#8221;full_width&#8221; oblique_section=&#8221;no&#8221; text_align=&#8221;left&#8221; css_animation=&#8221;&#8221; box_shadow_on_row=&#8221;no&#8221;][vc_column][\/vc_column][\/vc_row]\n","protected":false},"excerpt":{"rendered":"<p class=\"_04xlpA direction-ltr align-justify para-style-body\"><span class=\"JsGRdQ\">Aliment compl\u00e9mentaire pour bovin afin d&#8217;aider les fonctions h\u00e9patiques.<\/span><\/p>\n<p class=\"_04xlpA direction-ltr align-justify para-style-body\"><span class=\"JsGRdQ\">Detoxyl plus est une combinaison de mati\u00e8res premi\u00e8res de haute qualit\u00e9, min\u00e9raux, vitamines et autres additifs supportant les fonctions intestinales et h\u00e9patiques. INVE Detoxyl Plus a \u00e9t\u00e9 cr\u00e9\u00e9 afin de d\u00e9toxifier le foie,<\/span> <span class=\"JsGRdQ\">promotionner les fonctions intestinales et stimuler la consommation alimentaire.<\/span><\/p>\n","protected":false},"featured_media":41515,"template":"","meta":[],"product_cat":[151],"product_tag":[],"acf":[],"_links":{"self":[{"href":"https:\/\/www.invebelgie.be\/fr\/wp-json\/wp\/v2\/product\/42218"}],"collection":[{"href":"https:\/\/www.invebelgie.be\/fr\/wp-json\/wp\/v2\/product"}],"about":[{"href":"https:\/\/www.invebelgie.be\/fr\/wp-json\/wp\/v2\/types\/product"}],"wp:featuredmedia":[{"embeddable":true,"href":"https:\/\/www.invebelgie.be\/fr\/wp-json\/wp\/v2\/media\/41515"}],"wp:attachment":[{"href":"https:\/\/www.invebelgie.be\/fr\/wp-json\/wp\/v2\/media?parent=42218"}],"wp:term":[{"taxonomy":"product_cat","embeddable":true,"href":"https:\/\/www.invebelgie.be\/fr\/wp-json\/wp\/v2\/product_cat?post=42218"},{"taxonomy":"product_tag","embeddable":true,"href":"https:\/\/www.invebelgie.be\/fr\/wp-json\/wp\/v2\/product_tag?post=42218"}],"curies":[{"name":"wp","href":"https:\/\/api.w.org\/{rel}","templated":true}]}}