{"id":42219,"date":"2021-02-15T13:40:10","date_gmt":"2021-02-15T13:40:10","guid":{"rendered":"https:\/\/www.invebelgie.be\/?post_type=product&#038;p=42219"},"modified":"2021-02-15T14:01:58","modified_gmt":"2021-02-15T14:01:58","slug":"hoof-stronger","status":"publish","type":"product","link":"https:\/\/www.invebelgie.be\/fr\/produit\/hoof-stronger\/","title":{"rendered":"Hoof Stronger"},"content":{"rendered":"[vc_row row_type=&#8221;row&#8221; use_row_as_full_screen_section=&#8221;no&#8221; type=&#8221;full_width&#8221; oblique_section=&#8221;no&#8221; text_align=&#8221;left&#8221; css_animation=&#8221;&#8221; box_shadow_on_row=&#8221;no&#8221;][vc_column][\/vc_column][\/vc_row]\n","protected":false},"excerpt":{"rendered":"<p><span class=\"JsGRdQ\">Aliment compl\u00e9mentaire pour ruminants afin d&#8217;aider au d\u00e9veloppement osseux ainsi que les onglons sains.<\/span><\/p>\n<h4>Ingredients cles et leurs effets:<\/h4>\n<ul>\n<li><span class=\"JsGRdQ\">Phosphore, Calcium, Magn\u00e9sium et Vitamine D3:<\/span>\n<ul>\n<li><span class=\"JsGRdQ\">aide au d\u00e9veloppement osseux<\/span><\/li>\n<\/ul>\n<\/li>\n<li>Biotine:\n<ul>\n<li><span class=\"JsGRdQ\">aide au d\u00e9veloppement d&#8217;onglons sains<\/span><\/li>\n<\/ul>\n<\/li>\n<li><span class=\"JsGRdQ\">Cuivre, Zinc et Mangan\u00e8se sous forme organique:<\/span>\n<ul>\n<li><span class=\"JsGRdQ\">renforce les tendons et stimule la gu\u00e9risons des onglons ab\u00eem\u00e9s<\/span><\/li>\n<\/ul>\n<\/li>\n<\/ul>\n<h4><span class=\"JsGRdQ\">Utilisation:<\/span><\/h4>\n<ul>\n<li><span class=\"JsGRdQ\">Vaches et taureaux: 100 g\/b\u00eate\/jour<\/span><\/li>\n<li><span class=\"JsGRdQ\">Veaux: 50 g\/animal\/jour<\/span><\/li>\n<li><span class=\"JsGRdQ\">Moutons et ch\u00e8vres: 50 g\/animal\/jour<\/span><\/li>\n<\/ul>\n","protected":false},"featured_media":41515,"template":"","meta":[],"product_cat":[151],"product_tag":[],"acf":[],"_links":{"self":[{"href":"https:\/\/www.invebelgie.be\/fr\/wp-json\/wp\/v2\/product\/42219"}],"collection":[{"href":"https:\/\/www.invebelgie.be\/fr\/wp-json\/wp\/v2\/product"}],"about":[{"href":"https:\/\/www.invebelgie.be\/fr\/wp-json\/wp\/v2\/types\/product"}],"wp:featuredmedia":[{"embeddable":true,"href":"https:\/\/www.invebelgie.be\/fr\/wp-json\/wp\/v2\/media\/41515"}],"wp:attachment":[{"href":"https:\/\/www.invebelgie.be\/fr\/wp-json\/wp\/v2\/media?parent=42219"}],"wp:term":[{"taxonomy":"product_cat","embeddable":true,"href":"https:\/\/www.invebelgie.be\/fr\/wp-json\/wp\/v2\/product_cat?post=42219"},{"taxonomy":"product_tag","embeddable":true,"href":"https:\/\/www.invebelgie.be\/fr\/wp-json\/wp\/v2\/product_tag?post=42219"}],"curies":[{"name":"wp","href":"https:\/\/api.w.org\/{rel}","templated":true}]}}