{"id":42220,"date":"2021-02-15T14:42:15","date_gmt":"2021-02-15T14:42:15","guid":{"rendered":"https:\/\/www.invebelgie.be\/?post_type=product&#038;p=42220"},"modified":"2021-02-15T15:21:59","modified_gmt":"2021-02-15T15:21:59","slug":"zoom","status":"publish","type":"product","link":"https:\/\/www.invebelgie.be\/fr\/produit\/zoom\/","title":{"rendered":"Zoom"},"content":{"rendered":"[vc_row row_type=&#8221;row&#8221; use_row_as_full_screen_section=&#8221;no&#8221; type=&#8221;full_width&#8221; oblique_section=&#8221;no&#8221; text_align=&#8221;left&#8221; css_animation=&#8221;&#8221; box_shadow_on_row=&#8221;no&#8221;][vc_column][vc_empty_space height=&#8221;50px&#8221; image_repeat=&#8221;no-repeat&#8221;][vc_column_text]Les diff\u00e9rents pr\u00e9-d\u00e9marreurs de la gamme ZOOM sont d\u00e9velopp\u00e9s dans le respect des exigences sp\u00e9cifiques des animaux et pour maximiser la prise alimentaire:<\/p>\n<ul>\n<li>Les produits ZOOM contiennent des mati\u00e8res premi\u00e8res de haute qualit\u00e9, sp\u00e9cifiquement s\u00e9lectionn\u00e9es sur la base de la digestibilit\u00e9, de l&#8217;app\u00e9tence, de la granulom\u00e9trie et du traitement thermique.<\/li>\n<li>En raison d&#8217;une ligne de production totalement s\u00e9par\u00e9e, le risque de contamination crois\u00e9e entre les produits est minimis\u00e9 et des produits tels que le plasma sanguin et l&#8217;huile de poisson peuvent \u00eatre utilis\u00e9s dans les formulations.<\/li>\n<li>En termes de composition, la gamme de produits ZOOM est tr\u00e8s coh\u00e9rente, de sorte que la transition entre les alimentations se d\u00e9roule tr\u00e8s facilement.<\/li>\n<\/ul>\n<p>&nbsp;[\/vc_column_text][vc_empty_space height=&#8221;50px&#8221; image_repeat=&#8221;no-repeat&#8221;][vc_tabs style=&#8221;horizontal&#8221; tab_type_default=&#8221;default&#8221;][vc_tab icon_pack=&#8221;font_awesome&#8221; fa_icon=&#8221;&#8221; title=&#8221;GAMME ZOOM&#8221; tab_id=&#8221;606b5eab-e3e9-3&#8243;][vc_column_text]La gamme de produits de pr\u00e9d\u00e9marrages ZOOM comprend:<\/p>\n<ul>\n<li><span style=\"color: #ff0000;\">ZOOM PLASMA<\/span><\/li>\n<li>Aliment contenant du plasma \u00e9quilibr\u00e9<\/li>\n<\/ul>\n<ul>\n<li><span style=\"color: #99cc00;\">ZOOM NATUR PLUS<\/span><\/li>\n<li>D\u00e9velopp\u00e9 pour la mise bas et en d\u00e9but de sevrage, 100% v\u00e9g\u00e9tal<\/li>\n<\/ul>\n<ul>\n<li><span style=\"color: #ff00ff;\">ZOOM DELICE<\/span><\/li>\n<li>Extr\u00eamement agr\u00e9able au go\u00fbt, stimule la prise alimentaire dans la maison de mise bas et en d\u00e9but de sevrage<\/li>\n<\/ul>\n<ul>\n<li><span style=\"color: #993300;\">ZOOM M&amp;K<\/span><\/li>\n<li>App\u00e2t d\u00e9velopp\u00e9 pour apprendre aux porcelets \u00e0 manger des aliments solides sous la truie<\/li>\n<\/ul>\n<ul>\n<li><span style=\"color: #00ccff;\">ZOOM SAFE<\/span><\/li>\n<li>Se concentre sur la s\u00e9curit\u00e9 autour du sevrage<\/li>\n<\/ul>\n[\/vc_column_text][vc_single_image image=&#8221;41454&#8243; img_size=&#8221;full&#8221; alignment=&#8221;center&#8221; qode_css_animation=&#8221;&#8221;][\/vc_tab][vc_tab icon_pack=&#8221;font_awesome&#8221; fa_icon=&#8221;&#8221; title=&#8221;ZOOM-MOBIEL&#8221; tab_id=&#8221;123880af-3d1e-5&#8243;][vc_column_text]Le ZOOM-MOBILE est un m\u00e9langeur mobile enti\u00e8rement automatis\u00e9. Regardez la vid\u00e9o ci-dessous pour d\u00e9couvrir comment cela fonctionne:[\/vc_column_text][vc_column_text]\n<div style=\"width: 1060px;\" class=\"wp-video\"><!--[if lt IE 9]><script>document.createElement('video');<\/script><![endif]-->\n<video class=\"wp-video-shortcode\" id=\"video-42220-1\" width=\"1060\" height=\"596\" poster=\"https:\/\/www.invebelgie.be\/wp-content\/uploads\/2020\/03\/zoom-poster.png\" preload=\"metadata\" controls=\"controls\"><source type=\"video\/mp4\" src=\"https:\/\/www.invebelgie.be\/wp-content\/uploads\/2019\/11\/INVE_ZOOM_iPad_iPhone.mp4?_=1\" \/><a href=\"https:\/\/www.invebelgie.be\/wp-content\/uploads\/2019\/11\/INVE_ZOOM_iPad_iPhone.mp4\">https:\/\/www.invebelgie.be\/wp-content\/uploads\/2019\/11\/INVE_ZOOM_iPad_iPhone.mp4<\/a><\/video><\/div>\n[\/vc_column_text][vc_empty_space image_repeat=&#8221;no-repeat&#8221;][vc_column_text]La brochure technique du Zoom Mobile fournit de plus amples informations.[\/vc_column_text][vc_single_image image=&#8221;41458&#8243; img_size=&#8221;full&#8221; alignment=&#8221;center&#8221; qode_css_animation=&#8221;&#8221;][\/vc_tab][vc_tab icon_pack=&#8221;font_awesome&#8221; fa_icon=&#8221;&#8221; title=&#8221;TYPES DE PRODUITS&#8221; tab_id=&#8221;1584011672789-2-7&#8243;][vc_column_text]\n<h2>ZOOM FARINE<\/h2>\n<h4>Apprendre \u00e0 manger<\/h4>\n<p>Dans la maternit\u00e9, les porcelets commencent \u00e0 manger plus rapidement lorsque le r\u00e9gime de pr\u00e9d\u00e9marrages est sous forme de bouillie, car il peut facilement coller au nez des porcelets. Pendant les premiers jours, cet aliment doit \u00eatre disponible sur le sol et ensuite dans les mangeoires, afin que les porcelets puissent se familiariser avec le go\u00fbt de l&#8217;aliment de pr\u00e9d\u00e9marrage. Il contient la bonne combinaison de sucres qui stimulent la prise alimentaire.<\/p>\n<p>Les pr\u00e9d\u00e9marrages ZOOM sous forme de bouillie peuvent \u00eatre donn\u00e9s sous forme s\u00e8che et humide.<\/p>\n<p>&nbsp;[\/vc_column_text][vc_column_text]\n<h2>ZOOM GRANULES<\/h2>\n<h4>Granul\u00e9s tendres et fins pour une prise alimentaire \u00e9lev\u00e9e<\/h4>\n<p>Les granul\u00e9s Zoom sont tr\u00e8s fins et tendres, mais toujours sans poussi\u00e8re. Par analogie avec les porcelets sevr\u00e9s, les porcelets sous la m\u00e8re mangent plus avant le d\u00e9part sous forme de granul\u00e9s que sous forme de farine.[\/vc_column_text][vc_column_text]\n<h2>ZOOM STRUCS<\/h2>\n<h4>Une forme unique de pr\u00e9sentation<\/h4>\n<p>Les strucs sont de petits micros granul\u00e9s tendres et sans poussi\u00e8re. Cette forme de produit entra\u00eene la consommation d&#8217;aliments la plus \u00e9lev\u00e9e chez les porcelets de tout \u00e2ge. Les strucs sont faciles \u00e0 m\u00e9langer lors du sevrage, ce qui se traduit par des changements en douceur entre les phases d&#8217;alimentation.<\/p>\n<p>Les aliments ZOOM sous forme de strucs peuvent \u00eatre propos\u00e9s sous forme s\u00e8che ou humide.[\/vc_column_text][vc_column_text]\n<h2>ZOOM FARINE\/GRANULE<\/h2>\n<h4>La meilleure combinaison<\/h4>\n<p>Les aliments p\u00e9ri sevrage ZOOM sous forme de farine \/ granul\u00e9s combinent les avantages des deux formes de produits:<\/p>\n<ul>\n<li>FARINE: la prise alimentaire ou l&#8217;alimentation solide commence en douceur, les porcelets apprennent \u00e0 manger<\/li>\n<li>GRANULES: lorsque les porcelets commencent \u00e0 manger, ils peuvent consommer des quantit\u00e9s plus importantes sous forme de granul\u00e9s<\/li>\n<\/ul>\n<p>Cette forme d&#8217;alimentation de pr\u00e9d\u00e9marrages est la plus appropri\u00e9e pour une utilisation dans la maternit\u00e9.[\/vc_column_text][\/vc_tab][vc_tab icon_pack=&#8221;font_awesome&#8221; fa_icon=&#8221;&#8221; title=&#8221;ZOOM Labo&#8221; tab_id=&#8221;1599040228595-3-10&#8243;][vc_column_text]\n<h2>ZOOM LABO<\/h2>\n<p>En savoir plus sur la solubilit\u00e9, la stabilit\u00e9 de l&#8217;alimentation en liquide, la viscosit\u00e9, la fluidit\u00e9 et la durabilit\u00e9 des produits ZOOM dans cette courte vid\u00e9o ci-dessous:[\/vc_column_text][vc_column_text]\n<div style=\"width: 854px;\" class=\"wp-video\"><video class=\"wp-video-shortcode\" id=\"video-42220-2\" width=\"854\" height=\"480\" poster=\"https:\/\/www.invebelgie.be\/wp-content\/uploads\/2020\/03\/zoom-poster.png\" preload=\"metadata\" controls=\"controls\"><source type=\"video\/mp4\" src=\"https:\/\/www.invebelgie.be\/wp-content\/uploads\/2019\/11\/INVE_ZOOM_iPad_iPhone.mp4?_=2\" \/><a href=\"https:\/\/www.invebelgie.be\/wp-content\/uploads\/2019\/11\/INVE_ZOOM_iPad_iPhone.mp4\">https:\/\/www.invebelgie.be\/wp-content\/uploads\/2019\/11\/INVE_ZOOM_iPad_iPhone.mp4<\/a><\/video><\/div>\n[\/vc_column_text][vc_empty_space height=&#8221;300px&#8221; image_repeat=&#8221;no-repeat&#8221;][\/vc_tab][\/vc_tabs][\/vc_column][\/vc_row]\n","protected":false},"excerpt":{"rendered":"<p>ZOOM est une gamme d&#8217;aliments de pr\u00e9d\u00e9marrages pour porcelets produite par INVE BELGIQUE.<br \/>\nEn 2012, INVE BELGIQUE a investi dans une nouvelle ligne de production sp\u00e9cialement d\u00e9velopp\u00e9e pour les pr\u00e9d\u00e9marrages. Gr\u00e2ce \u00e0 un processus innovant, des aliments de p\u00e9ri sevrage de haute qualit\u00e9 pour les jeunes porcelets peuvent \u00eatre garantis.<\/p>\n","protected":false},"featured_media":41740,"template":"","meta":[],"product_cat":[141,142],"product_tag":[],"acf":[],"_links":{"self":[{"href":"https:\/\/www.invebelgie.be\/fr\/wp-json\/wp\/v2\/product\/42220"}],"collection":[{"href":"https:\/\/www.invebelgie.be\/fr\/wp-json\/wp\/v2\/product"}],"about":[{"href":"https:\/\/www.invebelgie.be\/fr\/wp-json\/wp\/v2\/types\/product"}],"wp:featuredmedia":[{"embeddable":true,"href":"https:\/\/www.invebelgie.be\/fr\/wp-json\/wp\/v2\/media\/41740"}],"wp:attachment":[{"href":"https:\/\/www.invebelgie.be\/fr\/wp-json\/wp\/v2\/media?parent=42220"}],"wp:term":[{"taxonomy":"product_cat","embeddable":true,"href":"https:\/\/www.invebelgie.be\/fr\/wp-json\/wp\/v2\/product_cat?post=42220"},{"taxonomy":"product_tag","embeddable":true,"href":"https:\/\/www.invebelgie.be\/fr\/wp-json\/wp\/v2\/product_tag?post=42220"}],"curies":[{"name":"wp","href":"https:\/\/api.w.org\/{rel}","templated":true}]}}